{"id":95,"date":"2018-06-18T06:57:36","date_gmt":"2018-06-18T04:57:36","guid":{"rendered":"http:\/\/naturundmehr.at\/home\/"},"modified":"2025-06-03T13:41:50","modified_gmt":"2025-06-03T11:41:50","slug":"home","status":"publish","type":"page","link":"https:\/\/naturundmehr.at\/","title":{"rendered":"Home"},"content":{"rendered":"\t\t<div data-elementor-type=\"wp-page\" data-elementor-id=\"95\" class=\"elementor elementor-95\" data-elementor-settings=\"[]\">\n\t\t\t\t\t\t\t<div class=\"elementor-section-wrap\">\n\t\t\t\t\t\t\t<section class=\"elementor-section elementor-top-section elementor-element elementor-element-a584ef8 elementor-section-content-middle elementor-section-boxed elementor-section-height-default elementor-section-height-default\" data-id=\"a584ef8\" data-element_type=\"section\" data-settings=\"{&quot;background_background&quot;:&quot;classic&quot;,&quot;animation&quot;:&quot;none&quot;}\">\n\t\t\t\t\t\t\t<div class=\"elementor-background-overlay\"><\/div>\n\t\t\t\t\t\t\t<div class=\"elementor-container elementor-column-gap-default\">\n\t\t\t\t\t<div class=\"elementor-column elementor-col-100 elementor-top-column elementor-element elementor-element-b7bcb4e\" data-id=\"b7bcb4e\" data-element_type=\"column\" data-settings=\"{&quot;background_background&quot;:&quot;classic&quot;}\">\n\t\t\t<div class=\"elementor-widget-wrap elementor-element-populated\">\n\t\t\t\t\t\t\t\t<section class=\"elementor-section elementor-inner-section elementor-element elementor-element-1c573b2 elementor-section-boxed elementor-section-height-default elementor-section-height-default\" data-id=\"1c573b2\" data-element_type=\"section\">\n\t\t\t\t\t\t<div class=\"elementor-container elementor-column-gap-default\">\n\t\t\t\t\t<div class=\"elementor-column elementor-col-50 elementor-inner-column elementor-element elementor-element-6b46ef3\" data-id=\"6b46ef3\" data-element_type=\"column\">\n\t\t\t<div class=\"elementor-widget-wrap elementor-element-populated\">\n\t\t\t\t\t\t\t\t<div class=\"elementor-element elementor-element-ec749fc elementor-widget elementor-widget-image\" data-id=\"ec749fc\" data-element_type=\"widget\" data-widget_type=\"image.default\">\n\t\t\t\t<div class=\"elementor-widget-container\">\n\t\t\t\t\t\t\t\t\t\t\t\t\t\t\t<img decoding=\"async\" src=\"https:\/\/naturundmehr.at\/wp-content\/uploads\/2021\/05\/Pano.jpg\" title=\"Pano\" alt=\"Pano\" \/>\t\t\t\t\t\t\t\t\t\t\t\t\t\t\t<\/div>\n\t\t\t\t<\/div>\n\t\t\t\t<div class=\"elementor-element elementor-element-a1458b8 elementor-arrows-position-inside elementor-pagination-position-outside elementor-widget elementor-widget-image-carousel\" data-id=\"a1458b8\" data-element_type=\"widget\" data-settings=\"{&quot;navigation&quot;:&quot;both&quot;,&quot;autoplay&quot;:&quot;yes&quot;,&quot;pause_on_hover&quot;:&quot;yes&quot;,&quot;pause_on_interaction&quot;:&quot;yes&quot;,&quot;autoplay_speed&quot;:5000,&quot;infinite&quot;:&quot;yes&quot;,&quot;speed&quot;:500}\" data-widget_type=\"image-carousel.default\">\n\t\t\t\t<div class=\"elementor-widget-container\">\n\t\t\t\t\t<div class=\"elementor-image-carousel-wrapper swiper-container\" dir=\"ltr\">\n\t\t\t<div class=\"elementor-image-carousel swiper-wrapper\">\n\t\t\t\t<div class=\"swiper-slide\"><figure class=\"swiper-slide-inner\"><img decoding=\"async\" class=\"swiper-slide-image\" src=\"https:\/\/naturundmehr.at\/wp-content\/uploads\/elementor\/thumbs\/naturundmehr100-p79d85etcee6fqoaonja4i8xj3ohxc9gnl0svyrt1s.jpg\" alt=\"naturundmehr100\" \/><\/figure><\/div><div class=\"swiper-slide\"><figure class=\"swiper-slide-inner\"><img decoding=\"async\" class=\"swiper-slide-image\" src=\"https:\/\/naturundmehr.at\/wp-content\/uploads\/elementor\/thumbs\/Naturundmehr101-p79d888bwwi1ekk786r5tzjbb9alkfknnyz9bsnmj4.jpg\" alt=\"Naturundmehr101\" \/><\/figure><\/div><div class=\"swiper-slide\"><figure class=\"swiper-slide-inner\"><img decoding=\"async\" class=\"swiper-slide-image\" src=\"https:\/\/naturundmehr.at\/wp-content\/uploads\/elementor\/thumbs\/naturundmehr102-p79d8a40akkm1shgx7keyz28i11bzts4c8a8acku6o.jpg\" alt=\"naturundmehr102\" \/><\/figure><\/div><div class=\"swiper-slide\"><figure class=\"swiper-slide-inner\"><img decoding=\"async\" class=\"swiper-slide-image\" src=\"https:\/\/naturundmehr.at\/wp-content\/uploads\/elementor\/thumbs\/naturundmehr103-p79d8b1uhelwdeg3rpz1jgtp3ewp7ivuocxprmjg0g.jpg\" alt=\"naturundmehr103\" \/><\/figure><\/div>\t\t\t<\/div>\n\t\t\t\t\t\t\t\t\t\t\t\t<div class=\"swiper-pagination\"><\/div>\n\t\t\t\t\t\t\t\t\t\t\t\t\t<div class=\"elementor-swiper-button elementor-swiper-button-prev\">\n\t\t\t\t\t\t<i class=\"eicon-chevron-left\" aria-hidden=\"true\"><\/i>\n\t\t\t\t\t\t<span class=\"elementor-screen-only\">Zur\u00fcck<\/span>\n\t\t\t\t\t<\/div>\n\t\t\t\t\t<div class=\"elementor-swiper-button elementor-swiper-button-next\">\n\t\t\t\t\t\t<i class=\"eicon-chevron-right\" aria-hidden=\"true\"><\/i>\n\t\t\t\t\t\t<span class=\"elementor-screen-only\">Weiter<\/span>\n\t\t\t\t\t<\/div>\n\t\t\t\t\t\t\t\t\t<\/div>\n\t\t\t\t<\/div>\n\t\t\t\t<\/div>\n\t\t\t\t\t<\/div>\n\t\t<\/div>\n\t\t\t\t<div class=\"elementor-column elementor-col-50 elementor-inner-column elementor-element elementor-element-f7a1950\" data-id=\"f7a1950\" data-element_type=\"column\">\n\t\t\t<div class=\"elementor-widget-wrap elementor-element-populated\">\n\t\t\t\t\t\t\t\t<div class=\"elementor-element elementor-element-bc4437e elementor-widget elementor-widget-heading\" data-id=\"bc4437e\" data-element_type=\"widget\" data-widget_type=\"heading.default\">\n\t\t\t\t<div class=\"elementor-widget-container\">\n\t\t\t<h2 class=\"elementor-heading-title elementor-size-default\">SCHAUT EUCH DAS AN<\/h2>\t\t<\/div>\n\t\t\t\t<\/div>\n\t\t\t\t<div class=\"elementor-element elementor-element-b6e5999 elementor-widget elementor-widget-spacer\" data-id=\"b6e5999\" data-element_type=\"widget\" data-widget_type=\"spacer.default\">\n\t\t\t\t<div class=\"elementor-widget-container\">\n\t\t\t\t\t<div class=\"elementor-spacer\">\n\t\t\t<div class=\"elementor-spacer-inner\"><\/div>\n\t\t<\/div>\n\t\t\t\t<\/div>\n\t\t\t\t<\/div>\n\t\t\t\t<div class=\"elementor-element elementor-element-8311ba3 elementor-widget elementor-widget-text-editor\" data-id=\"8311ba3\" data-element_type=\"widget\" data-widget_type=\"text-editor.default\">\n\t\t\t\t<div class=\"elementor-widget-container\">\n\t\t\t\t\t\t\t\t<p style=\"padding-left: 80px;\"><span style=\"text-align: center;\"><br \/>Mein umfangreiches Angebot an Naturkosmetik,\u00a0<\/span><span style=\"text-align: center;\">R\u00e4ucherprodukten<br \/>samt Zubeh\u00f6r, D\u00fcften und \u00d6len\u00a0<\/span><span style=\"text-align: center;\">sowie mit den beliebten Schokoladen bekannter Chocolatiers\u00a0<\/span><span style=\"text-align: center;\">wurde vergr\u00f6\u00dfert, die Produktpalette erweitert,<br \/><\/span><span style=\"font-style: inherit; font-weight: inherit; background-color: var( --e-global-color-742aecbb ); text-align: center;\">neue Artikel\u00a0<\/span><span style=\"font-style: inherit; font-weight: inherit; background-color: var( --e-global-color-742aecbb ); text-align: center;\">dazu genommen.<\/span><\/p><p style=\"padding-left: 80px;\"><span style=\"font-style: inherit; font-weight: inherit; background-color: var( --e-global-color-742aecbb ); text-align: center;\">Viele regionale Produkte wie BIO-Getreide,\u00a0<\/span><span style=\"font-style: inherit; font-weight: inherit; background-color: var( --e-global-color-742aecbb ); text-align: center;\">Saaten, M\u00fcslis u.s.w. sind<br \/><\/span><span style=\"text-align: center; font-style: inherit; font-weight: inherit; background-color: var( --e-global-color-742aecbb );\">jetzt bei mir zu haben.<br \/><\/span><span style=\"text-align: center; font-style: inherit; font-weight: inherit; background-color: var( --e-global-color-742aecbb );\">Es gibt noch MEHR f\u00fcr Herz &amp; Seele, K\u00f6rper &amp;\u00a0<\/span><span style=\"text-align: center; font-style: inherit; font-weight: inherit; background-color: var( --e-global-color-742aecbb );\">Gesundheit, Wohlgef\u00fchl &amp; Sch\u00f6nheit sowie f\u00fcr den ganz\u00a0<\/span><span style=\"text-align: center; font-style: inherit; font-weight: inherit; background-color: var( --e-global-color-742aecbb );\">besonderen Anlass.<\/span><\/p>\t\t\t\t\t\t<\/div>\n\t\t\t\t<\/div>\n\t\t\t\t<div class=\"elementor-element elementor-element-8c51def elementor-widget elementor-widget-heading\" data-id=\"8c51def\" data-element_type=\"widget\" data-widget_type=\"heading.default\">\n\t\t\t\t<div class=\"elementor-widget-container\">\n\t\t\t<h2 class=\"elementor-heading-title elementor-size-default\">Ich freu mich auf euch<\/h2>\t\t<\/div>\n\t\t\t\t<\/div>\n\t\t\t\t<div class=\"elementor-element elementor-element-61b35fc elementor-widget elementor-widget-text-editor\" data-id=\"61b35fc\" data-element_type=\"widget\" data-widget_type=\"text-editor.default\">\n\t\t\t\t<div class=\"elementor-widget-container\">\n\t\t\t\t\t\t\t\t<h4 style=\"text-align: center;\">Eure Elisabeth Schmid\u00a0 \u00a0\u00a0<\/h4>\t\t\t\t\t\t<\/div>\n\t\t\t\t<\/div>\n\t\t\t\t\t<\/div>\n\t\t<\/div>\n\t\t\t\t\t\t\t<\/div>\n\t\t<\/section>\n\t\t\t\t\t<\/div>\n\t\t<\/div>\n\t\t\t\t\t\t\t<\/div>\n\t\t<\/section>\n\t\t\t\t<section class=\"elementor-section elementor-top-section elementor-element elementor-element-5b46c36 elementor-section-boxed elementor-section-height-default elementor-section-height-default\" data-id=\"5b46c36\" data-element_type=\"section\" data-settings=\"{&quot;background_background&quot;:&quot;gradient&quot;}\">\n\t\t\t\t\t\t\t<div class=\"elementor-background-overlay\"><\/div>\n\t\t\t\t\t\t\t<div class=\"elementor-container elementor-column-gap-default\">\n\t\t\t\t\t<div class=\"elementor-column elementor-col-100 elementor-top-column elementor-element elementor-element-b6899d4\" data-id=\"b6899d4\" data-element_type=\"column\">\n\t\t\t<div class=\"elementor-widget-wrap elementor-element-populated\">\n\t\t\t\t\t\t\t\t<section class=\"elementor-section elementor-inner-section elementor-element elementor-element-195312b elementor-section-boxed elementor-section-height-default elementor-section-height-default\" data-id=\"195312b\" data-element_type=\"section\">\n\t\t\t\t\t\t<div class=\"elementor-container elementor-column-gap-default\">\n\t\t\t\t\t\t\t\t<\/div>\n\t\t<\/section>\n\t\t\t\t<section class=\"elementor-section elementor-inner-section elementor-element elementor-element-6ea53b4 elementor-section-boxed elementor-section-height-default elementor-section-height-default\" data-id=\"6ea53b4\" data-element_type=\"section\">\n\t\t\t\t\t\t<div class=\"elementor-container elementor-column-gap-default\">\n\t\t\t\t\t<header class=\"elementor-column elementor-col-33 elementor-inner-column elementor-element elementor-element-715569bf\" data-id=\"715569bf\" data-element_type=\"column\" data-settings=\"{&quot;background_background&quot;:&quot;classic&quot;}\">\n\t\t\t<div class=\"elementor-widget-wrap elementor-element-populated\">\n\t\t\t\t\t<div class=\"elementor-background-overlay\"><\/div>\n\t\t\t\t\t\t\t\t<div class=\"elementor-element elementor-element-9e4964a elementor-widget elementor-widget-spacer\" data-id=\"9e4964a\" data-element_type=\"widget\" data-widget_type=\"spacer.default\">\n\t\t\t\t<div class=\"elementor-widget-container\">\n\t\t\t\t\t<div class=\"elementor-spacer\">\n\t\t\t<div class=\"elementor-spacer-inner\"><\/div>\n\t\t<\/div>\n\t\t\t\t<\/div>\n\t\t\t\t<\/div>\n\t\t\t\t<div class=\"elementor-element elementor-element-2070ce54 elementor-position-left elementor-vertical-align-top elementor-widget elementor-widget-image-box\" data-id=\"2070ce54\" data-element_type=\"widget\" data-widget_type=\"image-box.default\">\n\t\t\t\t<div class=\"elementor-widget-container\">\n\t\t\t<div class=\"elementor-image-box-wrapper\"><div class=\"elementor-image-box-content\"><p class=\"elementor-image-box-description\">Seit fast 50 Jahren vertraut das \u00f6sterreichische Familienunternehmen SonnenMoor auf die rein nat\u00fcrliche Kraft aus der Natur<\/p><\/div><\/div>\t\t<\/div>\n\t\t\t\t<\/div>\n\t\t\t\t\t<\/div>\n\t\t<\/header>\n\t\t\t\t<header class=\"elementor-column elementor-col-33 elementor-inner-column elementor-element elementor-element-c0ebb80\" data-id=\"c0ebb80\" data-element_type=\"column\" data-settings=\"{&quot;background_background&quot;:&quot;classic&quot;}\">\n\t\t\t<div class=\"elementor-widget-wrap elementor-element-populated\">\n\t\t\t\t\t<div class=\"elementor-background-overlay\"><\/div>\n\t\t\t\t\t\t\t\t<div class=\"elementor-element elementor-element-82c504b elementor-widget elementor-widget-spacer\" data-id=\"82c504b\" data-element_type=\"widget\" data-widget_type=\"spacer.default\">\n\t\t\t\t<div class=\"elementor-widget-container\">\n\t\t\t\t\t<div class=\"elementor-spacer\">\n\t\t\t<div class=\"elementor-spacer-inner\"><\/div>\n\t\t<\/div>\n\t\t\t\t<\/div>\n\t\t\t\t<\/div>\n\t\t\t\t<div class=\"elementor-element elementor-element-1f2d6ea elementor-position-left elementor-vertical-align-top elementor-widget elementor-widget-image-box\" data-id=\"1f2d6ea\" data-element_type=\"widget\" data-widget_type=\"image-box.default\">\n\t\t\t\t<div class=\"elementor-widget-container\">\n\t\t\t<div class=\"elementor-image-box-wrapper\"><div class=\"elementor-image-box-content\"><p class=\"elementor-image-box-description\">Egal ob f\u00fcr den erwachsenen Konsumenten oder f\u00fcrs Baby: Weleda ist mehr als nur ein Hersteller von Produkten zur K\u00f6rperpflege.<\/p><\/div><\/div>\t\t<\/div>\n\t\t\t\t<\/div>\n\t\t\t\t\t<\/div>\n\t\t<\/header>\n\t\t\t\t<header class=\"elementor-column elementor-col-33 elementor-inner-column elementor-element elementor-element-d37bec9\" data-id=\"d37bec9\" data-element_type=\"column\" data-settings=\"{&quot;background_background&quot;:&quot;classic&quot;}\">\n\t\t\t<div class=\"elementor-widget-wrap elementor-element-populated\">\n\t\t\t\t\t<div class=\"elementor-background-overlay\"><\/div>\n\t\t\t\t\t\t\t\t<div class=\"elementor-element elementor-element-d48a497 elementor-widget elementor-widget-spacer\" data-id=\"d48a497\" data-element_type=\"widget\" data-widget_type=\"spacer.default\">\n\t\t\t\t<div class=\"elementor-widget-container\">\n\t\t\t\t\t<div class=\"elementor-spacer\">\n\t\t\t<div class=\"elementor-spacer-inner\"><\/div>\n\t\t<\/div>\n\t\t\t\t<\/div>\n\t\t\t\t<\/div>\n\t\t\t\t<div class=\"elementor-element elementor-element-bf047bd elementor-position-left elementor-vertical-align-top elementor-widget elementor-widget-image-box\" data-id=\"bf047bd\" data-element_type=\"widget\" data-widget_type=\"image-box.default\">\n\t\t\t\t<div class=\"elementor-widget-container\">\n\t\t\t<div class=\"elementor-image-box-wrapper\"><div class=\"elementor-image-box-content\"><p class=\"elementor-image-box-description\">SONNENTOR  begeistert seit 1988 mit biologischen Tees, Kr\u00e4utern und Gew\u00fcrzen. Wir sind eigensinnige Andersmacher.<\/p><\/div><\/div>\t\t<\/div>\n\t\t\t\t<\/div>\n\t\t\t\t\t<\/div>\n\t\t<\/header>\n\t\t\t\t\t\t\t<\/div>\n\t\t<\/section>\n\t\t\t\t<section class=\"elementor-section elementor-inner-section elementor-element elementor-element-d78321a elementor-section-boxed elementor-section-height-default elementor-section-height-default\" data-id=\"d78321a\" data-element_type=\"section\">\n\t\t\t\t\t\t<div class=\"elementor-container elementor-column-gap-default\">\n\t\t\t\t\t<header class=\"elementor-column elementor-col-33 elementor-inner-column elementor-element elementor-element-94b89d3\" data-id=\"94b89d3\" data-element_type=\"column\" data-settings=\"{&quot;background_background&quot;:&quot;classic&quot;}\">\n\t\t\t<div class=\"elementor-widget-wrap elementor-element-populated\">\n\t\t\t\t\t<div class=\"elementor-background-overlay\"><\/div>\n\t\t\t\t\t\t\t\t<div class=\"elementor-element elementor-element-54047c2 elementor-widget elementor-widget-spacer\" data-id=\"54047c2\" data-element_type=\"widget\" data-widget_type=\"spacer.default\">\n\t\t\t\t<div class=\"elementor-widget-container\">\n\t\t\t\t\t<div class=\"elementor-spacer\">\n\t\t\t<div class=\"elementor-spacer-inner\"><\/div>\n\t\t<\/div>\n\t\t\t\t<\/div>\n\t\t\t\t<\/div>\n\t\t\t\t<div class=\"elementor-element elementor-element-3e5235f elementor-position-left elementor-vertical-align-top elementor-widget elementor-widget-image-box\" data-id=\"3e5235f\" data-element_type=\"widget\" data-widget_type=\"image-box.default\">\n\t\t\t\t<div class=\"elementor-widget-container\">\n\t\t\t<div class=\"elementor-image-box-wrapper\"><div class=\"elementor-image-box-content\"><p class=\"elementor-image-box-description\">Die Marke P. Jentschura steht seit mehr als 25 Jahren f\u00fcr hochwertige basische K\u00f6rperpflegeprodukte, basen\u00fcbersch\u00fcssige Lebensmittel und regenerative Sauerstoffanwendungen.<\/p><\/div><\/div>\t\t<\/div>\n\t\t\t\t<\/div>\n\t\t\t\t\t<\/div>\n\t\t<\/header>\n\t\t\t\t<header class=\"elementor-column elementor-col-33 elementor-inner-column elementor-element elementor-element-b7eae27\" data-id=\"b7eae27\" data-element_type=\"column\" data-settings=\"{&quot;background_background&quot;:&quot;classic&quot;}\">\n\t\t\t<div class=\"elementor-widget-wrap elementor-element-populated\">\n\t\t\t\t\t<div class=\"elementor-background-overlay\"><\/div>\n\t\t\t\t\t\t\t\t<div class=\"elementor-element elementor-element-eef25e2 elementor-widget elementor-widget-spacer\" data-id=\"eef25e2\" data-element_type=\"widget\" data-widget_type=\"spacer.default\">\n\t\t\t\t<div class=\"elementor-widget-container\">\n\t\t\t\t\t<div class=\"elementor-spacer\">\n\t\t\t<div class=\"elementor-spacer-inner\"><\/div>\n\t\t<\/div>\n\t\t\t\t<\/div>\n\t\t\t\t<\/div>\n\t\t\t\t<div class=\"elementor-element elementor-element-f97a834 elementor-position-left elementor-vertical-align-top elementor-widget elementor-widget-image-box\" data-id=\"f97a834\" data-element_type=\"widget\" data-widget_type=\"image-box.default\">\n\t\t\t\t<div class=\"elementor-widget-container\">\n\t\t\t<div class=\"elementor-image-box-wrapper\"><div class=\"elementor-image-box-content\"><p class=\"elementor-image-box-description\">Nachhaltigkeit, Regionalit\u00e4t und Umweltschutz: Daf\u00fcr steht STYX Naturcosmetic!\nWir sind der einzige CO2 neutrale Klimab\u00fcndnisbetrieb in der Naturkosmetikbranche.<\/p><\/div><\/div>\t\t<\/div>\n\t\t\t\t<\/div>\n\t\t\t\t<div class=\"elementor-element elementor-element-623a20a elementor-widget elementor-widget-spacer\" data-id=\"623a20a\" data-element_type=\"widget\" data-widget_type=\"spacer.default\">\n\t\t\t\t<div class=\"elementor-widget-container\">\n\t\t\t\t\t<div class=\"elementor-spacer\">\n\t\t\t<div class=\"elementor-spacer-inner\"><\/div>\n\t\t<\/div>\n\t\t\t\t<\/div>\n\t\t\t\t<\/div>\n\t\t\t\t\t<\/div>\n\t\t<\/header>\n\t\t\t\t<header class=\"elementor-column elementor-col-33 elementor-inner-column elementor-element elementor-element-93c4b70\" data-id=\"93c4b70\" data-element_type=\"column\" data-settings=\"{&quot;background_background&quot;:&quot;classic&quot;}\">\n\t\t\t<div class=\"elementor-widget-wrap elementor-element-populated\">\n\t\t\t\t\t<div class=\"elementor-background-overlay\"><\/div>\n\t\t\t\t\t\t\t\t<div class=\"elementor-element elementor-element-efaba90 elementor-widget elementor-widget-spacer\" data-id=\"efaba90\" data-element_type=\"widget\" data-widget_type=\"spacer.default\">\n\t\t\t\t<div class=\"elementor-widget-container\">\n\t\t\t\t\t<div class=\"elementor-spacer\">\n\t\t\t<div class=\"elementor-spacer-inner\"><\/div>\n\t\t<\/div>\n\t\t\t\t<\/div>\n\t\t\t\t<\/div>\n\t\t\t\t<div class=\"elementor-element elementor-element-e7659f3 elementor-position-left elementor-vertical-align-top elementor-widget elementor-widget-image-box\" data-id=\"e7659f3\" data-element_type=\"widget\" data-widget_type=\"image-box.default\">\n\t\t\t\t<div class=\"elementor-widget-container\">\n\t\t\t<div class=\"elementor-image-box-wrapper\"><div class=\"elementor-image-box-content\"><p class=\"elementor-image-box-description\">Das Geheimnis des nat\u00fcrlichen Geschmacks bei Frucht und Sinne sind regionale Fr\u00fcchte bester Qualit\u00e4t, die wir in aufwendiger Handarbeit verlesen und schonend gefriertrocknen.<\/p><\/div><\/div>\t\t<\/div>\n\t\t\t\t<\/div>\n\t\t\t\t\t<\/div>\n\t\t<\/header>\n\t\t\t\t\t\t\t<\/div>\n\t\t<\/section>\n\t\t\t\t<section class=\"elementor-section elementor-inner-section elementor-element elementor-element-5d10be9 elementor-section-boxed elementor-section-height-default elementor-section-height-default\" data-id=\"5d10be9\" data-element_type=\"section\">\n\t\t\t\t\t\t<div class=\"elementor-container elementor-column-gap-default\">\n\t\t\t\t\t<header class=\"elementor-column elementor-col-100 elementor-inner-column elementor-element elementor-element-adf09a1\" data-id=\"adf09a1\" data-element_type=\"column\" data-settings=\"{&quot;background_background&quot;:&quot;classic&quot;}\">\n\t\t\t<div class=\"elementor-widget-wrap elementor-element-populated\">\n\t\t\t\t\t<div class=\"elementor-background-overlay\"><\/div>\n\t\t\t\t\t\t\t\t<div class=\"elementor-element elementor-element-f82e934 elementor-widget elementor-widget-spacer\" data-id=\"f82e934\" data-element_type=\"widget\" data-widget_type=\"spacer.default\">\n\t\t\t\t<div class=\"elementor-widget-container\">\n\t\t\t\t\t<div class=\"elementor-spacer\">\n\t\t\t<div class=\"elementor-spacer-inner\"><\/div>\n\t\t<\/div>\n\t\t\t\t<\/div>\n\t\t\t\t<\/div>\n\t\t\t\t<div class=\"elementor-element elementor-element-ccbe038 elementor-widget elementor-widget-spacer\" data-id=\"ccbe038\" data-element_type=\"widget\" data-widget_type=\"spacer.default\">\n\t\t\t\t<div class=\"elementor-widget-container\">\n\t\t\t\t\t<div class=\"elementor-spacer\">\n\t\t\t<div class=\"elementor-spacer-inner\"><\/div>\n\t\t<\/div>\n\t\t\t\t<\/div>\n\t\t\t\t<\/div>\n\t\t\t\t<div class=\"elementor-element elementor-element-497d783 elementor-position-left elementor-vertical-align-top elementor-widget elementor-widget-image-box\" data-id=\"497d783\" data-element_type=\"widget\" data-widget_type=\"image-box.default\">\n\t\t\t\t<div class=\"elementor-widget-container\">\n\t\t\t<div class=\"elementor-image-box-wrapper\"><div class=\"elementor-image-box-content\"><p class=\"elementor-image-box-description\">Entdecken Sie in unserem umfangreichen und originalgetreuen Hildegard von Bingen Sortiment wertvolle Kr\u00e4uter und Gew\u00fcrze, vielseitige Tropfen, praktische Kapseln, vielseitige Hautpflege und breitgef\u00e4cherte Literatur.<\/p><\/div><\/div>\t\t<\/div>\n\t\t\t\t<\/div>\n\t\t\t\t\t<\/div>\n\t\t<\/header>\n\t\t\t\t\t\t\t<\/div>\n\t\t<\/section>\n\t\t\t\t\t<\/div>\n\t\t<\/div>\n\t\t\t\t\t\t\t<\/div>\n\t\t<\/section>\n\t\t\t\t<section class=\"elementor-section elementor-top-section elementor-element elementor-element-0d6ee9b elementor-section-boxed elementor-section-height-default elementor-section-height-default\" data-id=\"0d6ee9b\" data-element_type=\"section\">\n\t\t\t\t\t\t<div class=\"elementor-container elementor-column-gap-default\">\n\t\t\t\t\t<div class=\"elementor-column elementor-col-100 elementor-top-column elementor-element elementor-element-f4d40e3\" data-id=\"f4d40e3\" data-element_type=\"column\">\n\t\t\t<div class=\"elementor-widget-wrap\">\n\t\t\t\t\t\t\t\t\t<\/div>\n\t\t<\/div>\n\t\t\t\t\t\t\t<\/div>\n\t\t<\/section>\n\t\t\t\t\t\t<\/div>\n\t\t\t\t\t<\/div>\n\t\t","protected":false},"excerpt":{"rendered":"<p>Zur\u00fcck Weiter SCHAUT EUCH DAS AN Mein umfangreiches Angebot an Naturkosmetik,\u00a0R\u00e4ucherproduktensamt Zubeh\u00f6r, D\u00fcften und \u00d6len\u00a0sowie mit den beliebten Schokoladen bekannter Chocolatiers\u00a0wurde vergr\u00f6\u00dfert, die Produktpalette erweitert,neue Artikel\u00a0dazu genommen. Viele regionale Produkte wie BIO-Getreide,\u00a0Saaten, M\u00fcslis u.s.w. sindjetzt bei mir zu haben.Es gibt noch MEHR f\u00fcr Herz &amp; Seele, K\u00f6rper &amp;\u00a0Gesundheit, Wohlgef\u00fchl &amp; Sch\u00f6nheit sowie f\u00fcr den ganz\u00a0besonderen &hellip;<\/p>\n<p class=\"read-more\"> <a class=\"\" href=\"https:\/\/naturundmehr.at\/\"> <span class=\"screen-reader-text\">Home<\/span> Read More \u00bb<\/a><\/p>\n","protected":false},"author":1,"featured_media":0,"parent":0,"menu_order":0,"comment_status":"closed","ping_status":"closed","template":"","meta":{"site-sidebar-layout":"no-sidebar","site-content-layout":"page-builder","ast-global-header-display":"","ast-main-header-display":"","ast-hfb-above-header-display":"","ast-hfb-below-header-display":"","ast-hfb-mobile-header-display":"","site-post-title":"disabled","ast-breadcrumbs-content":"","ast-featured-img":"disabled","footer-sml-layout":"","theme-transparent-header-meta":"disabled","adv-header-id-meta":"","stick-header-meta":"default","header-above-stick-meta":"","header-main-stick-meta":"","header-below-stick-meta":"","footnotes":""},"class_list":["post-95","page","type-page","status-publish","hentry"],"_links":{"self":[{"href":"https:\/\/naturundmehr.at\/index.php?rest_route=\/wp\/v2\/pages\/95","targetHints":{"allow":["GET"]}}],"collection":[{"href":"https:\/\/naturundmehr.at\/index.php?rest_route=\/wp\/v2\/pages"}],"about":[{"href":"https:\/\/naturundmehr.at\/index.php?rest_route=\/wp\/v2\/types\/page"}],"author":[{"embeddable":true,"href":"https:\/\/naturundmehr.at\/index.php?rest_route=\/wp\/v2\/users\/1"}],"replies":[{"embeddable":true,"href":"https:\/\/naturundmehr.at\/index.php?rest_route=%2Fwp%2Fv2%2Fcomments&post=95"}],"version-history":[{"count":514,"href":"https:\/\/naturundmehr.at\/index.php?rest_route=\/wp\/v2\/pages\/95\/revisions"}],"predecessor-version":[{"id":5873,"href":"https:\/\/naturundmehr.at\/index.php?rest_route=\/wp\/v2\/pages\/95\/revisions\/5873"}],"wp:attachment":[{"href":"https:\/\/naturundmehr.at\/index.php?rest_route=%2Fwp%2Fv2%2Fmedia&parent=95"}],"curies":[{"name":"wp","href":"https:\/\/api.w.org\/{rel}","templated":true}]}}